{"id":3,"date":"2024-03-18T09:53:04","date_gmt":"2024-03-18T09:53:04","guid":{"rendered":"https:\/\/helkdigital.ee\/?page_id=3"},"modified":"2024-04-08T14:25:41","modified_gmt":"2024-04-08T11:25:41","slug":"privaatsuspoliitika","status":"publish","type":"page","link":"https:\/\/helkdigital.ee\/en\/privaatsuspoliitika\/","title":{"rendered":"Privacy Policy"},"content":{"rendered":"<div class=\"elementor-element elementor-element-9904a3a elementor-widget elementor-widget-heading\" data-id=\"9904a3a\" data-element_type=\"widget\" data-widget_type=\"heading.default\">\n<div class=\"elementor-widget-container\">\n<p class=\"elementor-heading-title elementor-size-default\"><span style=\"font-size: 16px;\">K\u00e4esolev privaatsuspoliitika reguleerib isikuandmete kogumist, t\u00f6\u00f6tlemist ja s\u00e4ilitamist k\u00e4sitlevaid p\u00f5him\u00f5tteid. Isikuandmeid kogub t\u00f6\u00f6tleb ja s\u00e4ilitab isikuandmete vastutav t\u00f6\u00f6tleja Helkdigital O\u00dc (edaspidi meie).<\/span><\/p>\n<\/div>\n<\/div>\n<div class=\"elementor-element elementor-element-630edc5 elementor-widget elementor-widget-text-editor\" data-id=\"630edc5\" data-element_type=\"widget\" data-widget_type=\"text-editor.default\">\n<div class=\"elementor-widget-container\">\n<p>J\u00e4rgnevalt on selgitatud, kuidas toimub teie andmete t\u00f6\u00f6tlemine meie veebilehe kasutamisel.<\/p>\n<p>Helkdigital veebileht kasutab k\u00fcpsiseid eesm\u00e4rgiga pakkuda kasutajatele t\u00e4ielikku lehe funktsioneerimist ning kasutajas\u00f5bralikumat navigeerimist. K\u00fcpsis (cookie) on v\u00e4ikesemahuline tekstifail, mille veebiserver saadab kasutaja veebilehitsejale ja mis salvestatakse kasutaja arvuti k\u00f5vakettale.<\/p>\n<p>Kasutame Google Analytics anal\u00fc\u00fctilisi k\u00fcpseid, mis koguvad teavet veebilehe kasutuse ning k\u00fclastuste arvu kohta ja mis s\u00e4ilivad kasutaja seadmes kuni nende k\u00fcpsiste kustutamiseni. Nimetatud k\u00fcpsiste kaudu ei kogu me teie isikuandmeid, vaid saame statistilist infot meie veebilehe k\u00fclastatavuse kohta. Meieni j\u00f5uab teave teie IP-aadressi kohta, kuid meil puudub v\u00f5imalus seostada IP-aadressi konkreetse isikuga.<\/p>\n<p>Meie veebilehe k\u00fclastuse alguses antakse teile teavet k\u00fcpsiste kasutamise kohta ning k\u00fcsitakse n\u00f5usolekut. Kl\u00f5psates nupule \u201cN\u00d5USTUN\u201d, aktsepteerite k\u00fcpsiste kasutamist. N\u00f5usolekut saab alati muuta veebibrauseri seadetes v\u00f5i kustutada salvestatud k\u00fcpsised.<\/p>\n<p>K\u00fcpsiste ja nende eemaldamise kohta saate lugeda l\u00e4hemalt siit:\u00a0<a href=\"https:\/\/www.allaboutcookies.org\/\">https:\/\/www.allaboutcookies.org\/<\/a>\u00a0v\u00f5i oma veebilehitseja \u201cAbi\u201d rubriigist.<\/p>\n<p>Meil on \u00f5igus privaatsustingimusi mis tahes ajal v\u00e4rskendada v\u00f5i muuta.<\/p>\n<p><strong>Kontaktandmed<\/strong><\/p>\n<p>Helkdigital O\u00dc<br \/>\n<a href=\"tel: 372 56232024\">tel: +372 56232024<\/a><br \/>\n<a href=\"mailto:info@helkdigital.ee\">e-mail: info@helkdigital.ee<\/a><\/p>\n<\/div>\n<\/div>","protected":false},"excerpt":{"rendered":"<p>K\u00e4esolev privaatsuspoliitika reguleerib isikuandmete kogumist, t\u00f6\u00f6tlemist ja s\u00e4ilitamist k\u00e4sitlevaid p\u00f5him\u00f5tteid. Isikuandmeid kogub t\u00f6\u00f6tleb ja s\u00e4ilitab isikuandmete vastutav t\u00f6\u00f6tleja Helkdigital O\u00dc (edaspidi meie). J\u00e4rgnevalt on selgitatud, kuidas toimub teie andmete t\u00f6\u00f6tlemine meie veebilehe kasutamisel. Helkdigital veebileht kasutab k\u00fcpsiseid eesm\u00e4rgiga pakkuda kasutajatele t\u00e4ielikku lehe funktsioneerimist ning kasutajas\u00f5bralikumat navigeerimist. K\u00fcpsis (cookie) on v\u00e4ikesemahuline tekstifail, mille veebiserver saadab kasutaja [&hellip;]<\/p>","protected":false},"author":1,"featured_media":0,"parent":0,"menu_order":0,"comment_status":"closed","ping_status":"closed","template":"","meta":{"_monsterinsights_skip_tracking":false,"_monsterinsights_sitenote_active":false,"_monsterinsights_sitenote_note":"","_monsterinsights_sitenote_category":0,"site-sidebar-layout":"default","site-content-layout":"","ast-site-content-layout":"default","site-content-style":"default","site-sidebar-style":"default","ast-global-header-display":"","ast-banner-title-visibility":"","ast-main-header-display":"","ast-hfb-above-header-display":"","ast-hfb-below-header-display":"","ast-hfb-mobile-header-display":"","site-post-title":"","ast-breadcrumbs-content":"","ast-featured-img":"","footer-sml-layout":"","theme-transparent-header-meta":"default","adv-header-id-meta":"","stick-header-meta":"","header-above-stick-meta":"","header-main-stick-meta":"","header-below-stick-meta":"","astra-migrate-meta-layouts":"set","ast-page-background-enabled":"default","ast-page-background-meta":{"desktop":{"background-color":"","background-image":"","background-repeat":"repeat","background-position":"center center","background-size":"auto","background-attachment":"scroll","background-type":"","background-media":"","overlay-type":"","overlay-color":"","overlay-gradient":""},"tablet":{"background-color":"","background-image":"","background-repeat":"repeat","background-position":"center center","background-size":"auto","background-attachment":"scroll","background-type":"","background-media":"","overlay-type":"","overlay-color":"","overlay-gradient":""},"mobile":{"background-color":"","background-image":"","background-repeat":"repeat","background-position":"center center","background-size":"auto","background-attachment":"scroll","background-type":"","background-media":"","overlay-type":"","overlay-color":"","overlay-gradient":""}},"ast-content-background-meta":{"desktop":{"background-color":"var(--ast-global-color-5)","background-image":"","background-repeat":"repeat","background-position":"center center","background-size":"auto","background-attachment":"scroll","background-type":"","background-media":"","overlay-type":"","overlay-color":"","overlay-gradient":""},"tablet":{"background-color":"var(--ast-global-color-5)","background-image":"","background-repeat":"repeat","background-position":"center center","background-size":"auto","background-attachment":"scroll","background-type":"","background-media":"","overlay-type":"","overlay-color":"","overlay-gradient":""},"mobile":{"background-color":"var(--ast-global-color-5)","background-image":"","background-repeat":"repeat","background-position":"center center","background-size":"auto","background-attachment":"scroll","background-type":"","background-media":"","overlay-type":"","overlay-color":"","overlay-gradient":""}},"footnotes":""},"class_list":["post-3","page","type-page","status-publish","hentry"],"yoast_head":"<!-- This site is optimized with the Yoast SEO plugin v27.5 - https:\/\/yoast.com\/product\/yoast-seo-wordpress\/ -->\n<title>Privaatsuspoliitika - Helkdigital kodulehed<\/title>\n<meta name=\"robots\" content=\"index, follow, max-snippet:-1, max-image-preview:large, max-video-preview:-1\" \/>\n<link rel=\"canonical\" href=\"https:\/\/helkdigital.ee\/en\/privaatsuspoliitika\/\" \/>\n<meta property=\"og:locale\" content=\"en_GB\" \/>\n<meta property=\"og:type\" content=\"article\" \/>\n<meta property=\"og:title\" content=\"Privaatsuspoliitika - Helkdigital kodulehed\" \/>\n<meta property=\"og:description\" content=\"K\u00e4esolev privaatsuspoliitika reguleerib isikuandmete kogumist, t\u00f6\u00f6tlemist ja s\u00e4ilitamist k\u00e4sitlevaid p\u00f5him\u00f5tteid. Isikuandmeid kogub t\u00f6\u00f6tleb ja s\u00e4ilitab isikuandmete vastutav t\u00f6\u00f6tleja Helkdigital O\u00dc (edaspidi meie). J\u00e4rgnevalt on selgitatud, kuidas toimub teie andmete t\u00f6\u00f6tlemine meie veebilehe kasutamisel. Helkdigital veebileht kasutab k\u00fcpsiseid eesm\u00e4rgiga pakkuda kasutajatele t\u00e4ielikku lehe funktsioneerimist ning kasutajas\u00f5bralikumat navigeerimist. K\u00fcpsis (cookie) on v\u00e4ikesemahuline tekstifail, mille veebiserver saadab kasutaja [&hellip;]\" \/>\n<meta property=\"og:url\" content=\"https:\/\/helkdigital.ee\/en\/privaatsuspoliitika\/\" \/>\n<meta property=\"og:site_name\" content=\"Helkdigital kodulehed\" \/>\n<meta property=\"article:modified_time\" content=\"2024-04-08T11:25:41+00:00\" \/>\n<meta name=\"twitter:card\" content=\"summary_large_image\" \/>\n<meta name=\"twitter:label1\" content=\"Estimated reading time\" \/>\n\t<meta name=\"twitter:data1\" content=\"1 minute\" \/>\n<script type=\"application\/ld+json\" class=\"yoast-schema-graph\">{\"@context\":\"https:\\\/\\\/schema.org\",\"@graph\":[{\"@type\":\"WebPage\",\"@id\":\"https:\\\/\\\/helkdigital.ee\\\/privaatsuspoliitika\\\/\",\"url\":\"https:\\\/\\\/helkdigital.ee\\\/privaatsuspoliitika\\\/\",\"name\":\"Privaatsuspoliitika - Helkdigital kodulehed\",\"isPartOf\":{\"@id\":\"https:\\\/\\\/helkdigital.ee\\\/#website\"},\"datePublished\":\"2024-03-18T09:53:04+00:00\",\"dateModified\":\"2024-04-08T11:25:41+00:00\",\"breadcrumb\":{\"@id\":\"https:\\\/\\\/helkdigital.ee\\\/privaatsuspoliitika\\\/#breadcrumb\"},\"inLanguage\":\"en-GB\",\"potentialAction\":[{\"@type\":\"ReadAction\",\"target\":[\"https:\\\/\\\/helkdigital.ee\\\/privaatsuspoliitika\\\/\"]}]},{\"@type\":\"BreadcrumbList\",\"@id\":\"https:\\\/\\\/helkdigital.ee\\\/privaatsuspoliitika\\\/#breadcrumb\",\"itemListElement\":[{\"@type\":\"ListItem\",\"position\":1,\"name\":\"Home\",\"item\":\"https:\\\/\\\/helkdigital.ee\\\/\"},{\"@type\":\"ListItem\",\"position\":2,\"name\":\"Privaatsuspoliitika\"}]},{\"@type\":\"WebSite\",\"@id\":\"https:\\\/\\\/helkdigital.ee\\\/#website\",\"url\":\"https:\\\/\\\/helkdigital.ee\\\/\",\"name\":\"Helkdigital kodulehed\",\"description\":\"Kvaliteetsed kodulehed ja e-poed\",\"publisher\":{\"@id\":\"https:\\\/\\\/helkdigital.ee\\\/#organization\"},\"potentialAction\":[{\"@type\":\"SearchAction\",\"target\":{\"@type\":\"EntryPoint\",\"urlTemplate\":\"https:\\\/\\\/helkdigital.ee\\\/?s={search_term_string}\"},\"query-input\":{\"@type\":\"PropertyValueSpecification\",\"valueRequired\":true,\"valueName\":\"search_term_string\"}}],\"inLanguage\":\"en-GB\"},{\"@type\":\"Organization\",\"@id\":\"https:\\\/\\\/helkdigital.ee\\\/#organization\",\"name\":\"Helkdigital kodulehed\",\"url\":\"https:\\\/\\\/helkdigital.ee\\\/\",\"logo\":{\"@type\":\"ImageObject\",\"inLanguage\":\"en-GB\",\"@id\":\"https:\\\/\\\/helkdigital.ee\\\/#\\\/schema\\\/logo\\\/image\\\/\",\"url\":\"https:\\\/\\\/helkdigital.ee\\\/wp-content\\\/uploads\\\/2024\\\/03\\\/Helkdigital_kodulehed_logo-2.svg\",\"contentUrl\":\"https:\\\/\\\/helkdigital.ee\\\/wp-content\\\/uploads\\\/2024\\\/03\\\/Helkdigital_kodulehed_logo-2.svg\",\"width\":550,\"height\":245,\"caption\":\"Helkdigital kodulehed\"},\"image\":{\"@id\":\"https:\\\/\\\/helkdigital.ee\\\/#\\\/schema\\\/logo\\\/image\\\/\"}}]}<\/script>\n<!-- \/ Yoast SEO plugin. -->","yoast_head_json":{"title":"Privaatsuspoliitika - Helkdigital kodulehed","robots":{"index":"index","follow":"follow","max-snippet":"max-snippet:-1","max-image-preview":"max-image-preview:large","max-video-preview":"max-video-preview:-1"},"canonical":"https:\/\/helkdigital.ee\/en\/privaatsuspoliitika\/","og_locale":"en_GB","og_type":"article","og_title":"Privaatsuspoliitika - Helkdigital kodulehed","og_description":"K\u00e4esolev privaatsuspoliitika reguleerib isikuandmete kogumist, t\u00f6\u00f6tlemist ja s\u00e4ilitamist k\u00e4sitlevaid p\u00f5him\u00f5tteid. Isikuandmeid kogub t\u00f6\u00f6tleb ja s\u00e4ilitab isikuandmete vastutav t\u00f6\u00f6tleja Helkdigital O\u00dc (edaspidi meie). J\u00e4rgnevalt on selgitatud, kuidas toimub teie andmete t\u00f6\u00f6tlemine meie veebilehe kasutamisel. Helkdigital veebileht kasutab k\u00fcpsiseid eesm\u00e4rgiga pakkuda kasutajatele t\u00e4ielikku lehe funktsioneerimist ning kasutajas\u00f5bralikumat navigeerimist. K\u00fcpsis (cookie) on v\u00e4ikesemahuline tekstifail, mille veebiserver saadab kasutaja [&hellip;]","og_url":"https:\/\/helkdigital.ee\/en\/privaatsuspoliitika\/","og_site_name":"Helkdigital kodulehed","article_modified_time":"2024-04-08T11:25:41+00:00","twitter_card":"summary_large_image","twitter_misc":{"Estimated reading time":"1 minute"},"schema":{"@context":"https:\/\/schema.org","@graph":[{"@type":"WebPage","@id":"https:\/\/helkdigital.ee\/privaatsuspoliitika\/","url":"https:\/\/helkdigital.ee\/privaatsuspoliitika\/","name":"Privaatsuspoliitika - Helkdigital kodulehed","isPartOf":{"@id":"https:\/\/helkdigital.ee\/#website"},"datePublished":"2024-03-18T09:53:04+00:00","dateModified":"2024-04-08T11:25:41+00:00","breadcrumb":{"@id":"https:\/\/helkdigital.ee\/privaatsuspoliitika\/#breadcrumb"},"inLanguage":"en-GB","potentialAction":[{"@type":"ReadAction","target":["https:\/\/helkdigital.ee\/privaatsuspoliitika\/"]}]},{"@type":"BreadcrumbList","@id":"https:\/\/helkdigital.ee\/privaatsuspoliitika\/#breadcrumb","itemListElement":[{"@type":"ListItem","position":1,"name":"Home","item":"https:\/\/helkdigital.ee\/"},{"@type":"ListItem","position":2,"name":"Privaatsuspoliitika"}]},{"@type":"WebSite","@id":"https:\/\/helkdigital.ee\/#website","url":"https:\/\/helkdigital.ee\/","name":"Helkdigital kodulehed","description":"Kvaliteetsed kodulehed ja e-poed","publisher":{"@id":"https:\/\/helkdigital.ee\/#organization"},"potentialAction":[{"@type":"SearchAction","target":{"@type":"EntryPoint","urlTemplate":"https:\/\/helkdigital.ee\/?s={search_term_string}"},"query-input":{"@type":"PropertyValueSpecification","valueRequired":true,"valueName":"search_term_string"}}],"inLanguage":"en-GB"},{"@type":"Organization","@id":"https:\/\/helkdigital.ee\/#organization","name":"Helkdigital kodulehed","url":"https:\/\/helkdigital.ee\/","logo":{"@type":"ImageObject","inLanguage":"en-GB","@id":"https:\/\/helkdigital.ee\/#\/schema\/logo\/image\/","url":"https:\/\/helkdigital.ee\/wp-content\/uploads\/2024\/03\/Helkdigital_kodulehed_logo-2.svg","contentUrl":"https:\/\/helkdigital.ee\/wp-content\/uploads\/2024\/03\/Helkdigital_kodulehed_logo-2.svg","width":550,"height":245,"caption":"Helkdigital kodulehed"},"image":{"@id":"https:\/\/helkdigital.ee\/#\/schema\/logo\/image\/"}}]}},"_links":{"self":[{"href":"https:\/\/helkdigital.ee\/en\/wp-json\/wp\/v2\/pages\/3","targetHints":{"allow":["GET"]}}],"collection":[{"href":"https:\/\/helkdigital.ee\/en\/wp-json\/wp\/v2\/pages"}],"about":[{"href":"https:\/\/helkdigital.ee\/en\/wp-json\/wp\/v2\/types\/page"}],"author":[{"embeddable":true,"href":"https:\/\/helkdigital.ee\/en\/wp-json\/wp\/v2\/users\/1"}],"replies":[{"embeddable":true,"href":"https:\/\/helkdigital.ee\/en\/wp-json\/wp\/v2\/comments?post=3"}],"version-history":[{"count":3,"href":"https:\/\/helkdigital.ee\/en\/wp-json\/wp\/v2\/pages\/3\/revisions"}],"predecessor-version":[{"id":1686,"href":"https:\/\/helkdigital.ee\/en\/wp-json\/wp\/v2\/pages\/3\/revisions\/1686"}],"wp:attachment":[{"href":"https:\/\/helkdigital.ee\/en\/wp-json\/wp\/v2\/media?parent=3"}],"curies":[{"name":"wp","href":"https:\/\/api.w.org\/{rel}","templated":true}]}}